{"id":532,"date":"2022-01-10T13:13:10","date_gmt":"2022-01-10T12:13:10","guid":{"rendered":"https:\/\/martabertran.com\/psicologia\/"},"modified":"2022-01-10T14:01:45","modified_gmt":"2022-01-10T13:01:45","slug":"psicologia","status":"publish","type":"page","link":"https:\/\/martabertran.com\/es\/psicologia\/","title":{"rendered":"Psicolog\u00eda"},"content":{"rendered":"<div>\n<h2 style=\"text-align: center;\"><strong><span>Salud Mental<\/span><\/strong><\/h2>\n<p>Salud Mental, es un estado de equilibrio, de bienestar psicol\u00f3gico y emocional que permite a las personas utilizar sus habilidades mentales, sociales y sentimentales para desarrollarse con \u00e9xito en las interacciones cotidianas. No es frecuente conseguir este equilibrio, pero esto no significa que no podamos gozar de una vida satisfactoria y llena de oportunidades.<\/p>\n<\/p>\n<\/div>\n<div>\n<p>La terapia a menudo nos ayuda a enfrentarnos a obst\u00e1culos psicol\u00f3gicos y eliminarlos pero a menudo tambi\u00e9n tiene una misi\u00f3n a\u00fan m\u00e1s complicada, aceptar que hay cosas que no podemos cambiar pero podemos aprender a vivir con ellas e incluso a sacar&#8217; n provecho. Algunos de los obst\u00e1culos psicol\u00f3gicos con los que podemos encontrarnos por el camino.<\/p>\n<\/div>\n<ul>\n<li>\n<p>        <img decoding=\"async\" src=\"\/wp-content\/uploads\/caniques-marta-bertran.jpg\" alt=\"\"><\/p>\n<h3>Depresi\u00f3n<\/h3>\n<div>\n<p><span>La vida nos aporta muchas experiencias y conocimientos extraordinarios, y otros m\u00e1s duros y dif\u00edciles de digerir.\u00a0Los a\u00f1os nos dan los \u201crecipientes\u201d necesarios para ir sabiendo d\u00f3nde colocar todos estos aprendizajes, tanto lo bueno como lo malo, no siempre lo conseguimos y esto, entre otras cosas, puede generar trastornos que nos deprimen.<\/span><br \/><span>A veces el sentimiento de desesperaci\u00f3n, falta de sentido de vida, de ilusi\u00f3n y de energ\u00eda es tan grande que hace que incluso alguien pueda plantearse acabar con todo.\u00a0Le ocurre a muchas m\u00e1s personas de las que creemos.\u00a0Cuando la depresi\u00f3n no es demasiado grave se puede disimular y seguir viviendo sin vivir, pero \u00bfhasta cu\u00e1ndo?\u00a0yo siempre digo lo mismo, s\u00f3lo tenemos una vida y puesto que estamos aqu\u00ed, vamos a vivirla con todos los recursos y recipientes de que disponemos.\u00a0La vida puede ser cruel pero tambi\u00e9n maravillosa y si no lo ves as\u00ed, necesitas ayuda.<\/span><\/p>\n<\/div>\n<\/li>\n<li>\n<p>        <img decoding=\"async\" src=\"\/wp-content\/uploads\/camp-marta-betran.jpg\" alt=\"\"><\/p>\n<h3>Ansiedad<\/h3>\n<div>\n<p>La ansiedad es b\u00e1sicamente miedo, un miedo inconsciente y casi siempre subjetivo, en realidad no existe la amenaza que nos la provoca. Los efectos pueden ser psicol\u00f3gicos pero tambi\u00e9n f\u00edsicos y en ocasiones pueden derivar en ataques de p\u00e1nico. Aprender a resolver estos momentos y calmar la mente es el principal objetivo de la terapia y una vez conseguido, podemos tambi\u00e9n explorar los motivos.<\/p>\n<\/div>\n<\/li>\n<li>\n<p>        <img decoding=\"async\" src=\"\/wp-content\/uploads\/cami%CC%81marta-betran.jpg\" alt=\"\"><\/p>\n<h3>Estr\u00e9s<\/h3>\n<div>\n<p>El Estr\u00e9s es una reacci\u00f3n tanto f\u00edsica como psicol\u00f3gica. No siempre es un estado indeseable, en el mundo animal, el estr\u00e9s es el que prepara a la cebra para salir corriendo delante del le\u00f3n por ejemplo, pero \u00bfqu\u00e9 ocurre cuando en realidad no nos persigue ning\u00fan animal feroz? pues que esta energ\u00eda err\u00f3neamente utilizada puede desencadenar muchos efectos nocivos por el organismo.<br \/>Cuando estamos estresados, el cuerpo segrega una hormona, el cortisol, que interfiere en la qu\u00edmica de nuestro organismo y puede derivar en numerosos s\u00edntomas f\u00edsicos poco agradables.<br \/>El estr\u00e9s suele relacionarse con el exceso de trabajo pero el paro tambi\u00e9n puede producir los mismos efectos. Cuando sentimos que no tenemos los suficientes recursos para afrontar seg\u00fan qu\u00e9 situaciones nos estresemos. Es necesario cambiar muchas creencias limitantes sobre nosotros mismos, del estilo \u201cno soy capaz\u201d para llegar a un estado de autoaceptaci\u00f3n incondicional.<\/p>\n<\/div>\n<\/li>\n<li>\n<p>        <img decoding=\"async\" src=\"\/wp-content\/uploads\/sorra-marta-betran.jpg\" alt=\"\"><\/p>\n<h3>TDA\/TDAH en adultos<\/h3>\n<div>\n<p>El Trastorno por D\u00e9ficit de Atenci\u00f3n con o sin Hiperactividad, es un desorden diagnosticado a un n\u00famero elevado de ni\u00f1os actualmente. Est\u00e1 relacionado con una disfunci\u00f3n de las Funciones Ejecutivas, que son las habilidades que nos permiten a las personas administrar el tiempo, planificar, organizar, recordar cosas, realizar diversas tareas a la vez, dar prioridad a las actividades, prestar atenci\u00f3n y empezar tareas. El l\u00f3bulo frontal es la parte del cerebro responsable de su actividad.<br \/>Con un programa terap\u00e9utico multidisciplinar el Trastorno puede desaparecer, pero qu\u00e9 ocurre cuando se mantiene hasta llegar a la edad adulta, el d\u00eda a d\u00eda de la persona se puede hacer muy cuesta arriba, cosas tan simple como planear un viaje, planificar el d\u00eda, controlar las compras impulsivas, ahorrar, saber por d\u00f3nde empezar una idea o proyecto, relacionarse con los amigos y la pareja e incluso, mantener el puesto de trabajo puede convertirse en un gran esfuerzo sin \u00e9xito. Es como si para un TDA adulto no exista el futuro, siempre es \u201cAHORA\u201d.<br \/>Entrenar estas funciones superiores ser\u00e1 la base de la terapia en edad adulta.<\/p>\n<\/div>\n<\/li>\n<li>\n<p>        <img decoding=\"async\" src=\"\/wp-content\/uploads\/parella-marta-betran.jpg\" alt=\"\"><\/p>\n<h3>Terapia de Pareja<\/h3>\n<div>\n<p>Las parejas pueden pasar crisis, en ocasiones puede ser el anuncio del fin de la relaci\u00f3n, pero en muchos casos una buena terapia a tiempo puede ayudar a darse otra oportunidad con \u00e9xito. \u201cMejor solo que mal acompa\u00f1ado\u201d es uno de mis lemas, y el de mucha gente, el ser humano no est\u00e1 obligado a compartir la \u00fanica vida que tiene con personas que le complican mucho o que incluso le maltratan. Por el contrario, podemos estar con la persona id\u00f3nea y a\u00fan as\u00ed puede que las cosas no funcionen, en estos casos el problema podr\u00eda la falta de comunicaci\u00f3n.<br \/>Parece m\u00e1s f\u00e1cil abandonar la relaci\u00f3n que iniciar una terapia pero, si no aprendemos a comunicarnos bien, volver\u00e1 a pasarnos con la siguiente relaci\u00f3n, y lo que parece m\u00e1s atractivo porque es nuevo se convertir\u00e1 en otra decepci\u00f3n.<br \/>El sexo es una parte importante de esa comunicaci\u00f3n. Disfrutar de buenas relaciones sexuales es fundamental para establecer v\u00ednculos m\u00e1s fuertes y atractivos en la pareja. Con el paso del tiempo es normal que disminuya la frecuencia pero no la calidad, y evidentemente no es aconsejable que desaparezca, si es as\u00ed, la pareja corre el riesgo de convertirse en dos personas que se aman pero que b\u00e1sicamente comparten piso e hipoteca.Sembla m\u00e9s f\u00e0cil abandonar la relaci\u00f3 que iniciar una ter\u00e0pia per\u00f2, si no aprenem a comunicar-nos b\u00e9, ens tornar\u00e0 a passar amb la seg\u00fcent relaci\u00f3, i el que sembla m\u00e9s atractiu perqu\u00e8 \u00e9s nou es convertir\u00e0 en una altra decepci\u00f3.<br \/>El sexe \u00e9s una part important d\u2019aquesta comunicaci\u00f3. Gaudir de\u00a0bones relacions sexuals es fonamental per\u00a0establir lligams m\u00e9s forts i atractius dins\u00a0 la parella. Amb\u00a0el pas del temps \u00e9s normal que\u00a0disminueixi la freq\u00fc\u00e8ncia per\u00f2 no la qualitat, i evidentment\u00a0no \u00e9s aconsellable que desaparegui,\u00a0si \u00e9s aix\u00ed,\u00a0la parella corre el risc de convertir-se en dues persones que s\u2019estimen per\u00f2 que b\u00e0sicament, comparteixen pis i hipoteca.<\/p>\n<\/div>\n<\/li>\n<\/ul>\n<p><!--more--><br \/>\n<!-- {\"name\":\"Portfolio\",\"type\":\"layout\",\"children\":[{\"name\":\"Hero\",\"type\":\"section\",\"props\":{\"style\":\"default\",\"width\":\"default\",\"vertical_align\":\"middle\",\"title_position\":\"top-left\",\"title_rotation\":\"left\",\"title_breakpoint\":\"xl\",\"image_position\":\"center-left\",\"image\":\"wp-content\\\/uploads\\\/training-hero-bg.svg\",\"image_size\":\"contain\",\"padding\":\"large\",\"padding_remove_top\":false,\"padding_remove_bottom\":false,\"animation\":\"fade\"},\"children\":[{\"type\":\"row\",\"props\":{\"layout\":\"1-2,1-2\"},\"children\":[{\"type\":\"column\",\"props\":{\"image_position\":\"center-center\",\"media_overlay_gradient\":\"\",\"width_medium\":\"1-2\",\"position_sticky_breakpoint\":\"m\"},\"children\":[{\"type\":\"text\",\"props\":{\"margin\":\"default\",\"column_breakpoint\":\"m\",\"content\":\"\n\n<h2 style=\\\"text-align: center;\\\"><strong><span>Salud Mental<\\\/span><\\\/strong><\\\/h2>\\n\n\n<p>Salud Mental, es un estado de equilibrio, de bienestar psicol\\u00f3gico y emocional que permite a las personas utilizar sus habilidades mentales, sociales y sentimentales para desarrollarse con \\u00e9xito en las interacciones cotidianas. No es frecuente conseguir este equilibrio, pero esto no significa que no podamos gozar de una vida satisfactoria y llena de oportunidades.<\\\/p>\\n\n\n<p><\\\/p>\"}}]},{\"type\":\"column\",\"props\":{\"image_position\":\"center-center\",\"media_overlay_gradient\":\"\",\"width_medium\":\"1-2\",\"position_sticky_breakpoint\":\"m\"},\"children\":[{\"type\":\"text\",\"props\":{\"margin\":\"default\",\"column_breakpoint\":\"m\",\"content\":\"\n\n<p>La terapia a menudo nos ayuda a enfrentarnos a obst\\u00e1culos psicol\\u00f3gicos y eliminarlos pero a menudo tambi\\u00e9n tiene una misi\\u00f3n a\\u00fan m\\u00e1s complicada, aceptar que hay cosas que no podemos cambiar pero podemos aprender a vivir con ellas e incluso a sacar' n provecho. Algunos de los obst\\u00e1culos psicol\\u00f3gicos con los que podemos encontrarnos por el camino.<\\\/p>\"}}]}]}]},{\"type\":\"section\",\"props\":{\"style\":\"default\",\"width\":\"default\",\"vertical_align\":\"middle\",\"title_position\":\"top-left\",\"title_rotation\":\"left\",\"title_breakpoint\":\"xl\",\"image_position\":\"center-center\"},\"children\":[{\"type\":\"row\",\"children\":[{\"type\":\"column\",\"props\":{\"image_position\":\"center-center\",\"media_overlay_gradient\":\"\",\"width_medium\":\"1-1\",\"position_sticky_breakpoint\":\"m\"},\"children\":[{\"type\":\"switcher\",\"props\":{\"show_title\":true,\"show_meta\":true,\"show_content\":true,\"show_image\":true,\"show_link\":true,\"show_label\":true,\"show_thumbnail\":true,\"switcher_animation\":\"fade\",\"switcher_height\":true,\"title_element\":\"h3\",\"title_align\":\"top\",\"title_grid_width\":\"1-2\",\"title_grid_breakpoint\":\"m\",\"meta_style\":\"meta\",\"meta_align\":\"below-title\",\"image_svg_color\":\"emphasis\",\"image_align\":\"left\",\"image_grid_width\":\"1-3\",\"image_grid_breakpoint\":\"m\",\"link_text\":\"Read more\",\"link_style\":\"default\",\"margin\":\"default\",\"nav\":\"tab\",\"thumbnav_width\":\"100\",\"thumbnav_height\":\"75\",\"thumbnav_svg_color\":\"emphasis\",\"nav_position\":\"top\",\"nav_align\":\"left\",\"nav_margin\":\"\",\"nav_grid_width\":\"auto\",\"nav_grid_column_gap\":\"\",\"nav_grid_row_gap\":\"\",\"nav_grid_breakpoint\":\"m\",\"meta_element\":\"div\",\"content_column_breakpoint\":\"m\"},\"children\":[{\"type\":\"switcher_item\",\"props\":{\"image\":\"wp-content\\\/uploads\\\/caniques-marta-bertran.jpg\",\"content\":\"\n\n<p><span>La vida nos aporta muchas experiencias y conocimientos extraordinarios, y otros m\\u00e1s duros y dif\\u00edciles de digerir.\\u00a0Los a\\u00f1os nos dan los \\u201crecipientes\\u201d necesarios para ir sabiendo d\\u00f3nde colocar todos estos aprendizajes, tanto lo bueno como lo malo, no siempre lo conseguimos y esto, entre otras cosas, puede generar trastornos que nos deprimen.<\\\/span><br \\\/><span>A veces el sentimiento de desesperaci\\u00f3n, falta de sentido de vida, de ilusi\\u00f3n y de energ\\u00eda es tan grande que hace que incluso alguien pueda plantearse acabar con todo.\\u00a0Le ocurre a muchas m\\u00e1s personas de las que creemos.\\u00a0Cuando la depresi\\u00f3n no es demasiado grave se puede disimular y seguir viviendo sin vivir, pero \\u00bfhasta cu\\u00e1ndo?\\u00a0yo siempre digo lo mismo, s\\u00f3lo tenemos una vida y puesto que estamos aqu\\u00ed, vamos a vivirla con todos los recursos y recipientes de que disponemos.\\u00a0La vida puede ser cruel pero tambi\\u00e9n maravillosa y si no lo ves as\\u00ed, necesitas ayuda.<\\\/span><\\\/p>\",\"title\":\"Depresi\\u00f3n\"}},{\"type\":\"switcher_item\",\"props\":{\"image\":\"wp-content\\\/uploads\\\/camp-marta-betran.jpg\",\"content\":\"\n\n<p>La ansiedad es b\\u00e1sicamente miedo, un miedo inconsciente y casi siempre subjetivo, en realidad no existe la amenaza que nos la provoca. Los efectos pueden ser psicol\\u00f3gicos pero tambi\\u00e9n f\\u00edsicos y en ocasiones pueden derivar en ataques de p\\u00e1nico. Aprender a resolver estos momentos y calmar la mente es el principal objetivo de la terapia y una vez conseguido, podemos tambi\\u00e9n explorar los motivos.<\\\/p>\",\"title\":\"Ansiedad\"}},{\"type\":\"switcher_item\",\"props\":{\"image\":\"wp-content\\\/uploads\\\/cami\\u0301marta-betran.jpg\",\"content\":\"\n\n<p>El Estr\\u00e9s es una reacci\\u00f3n tanto f\\u00edsica como psicol\\u00f3gica. No siempre es un estado indeseable, en el mundo animal, el estr\\u00e9s es el que prepara a la cebra para salir corriendo delante del le\\u00f3n por ejemplo, pero \\u00bfqu\\u00e9 ocurre cuando en realidad no nos persigue ning\\u00fan animal feroz? pues que esta energ\\u00eda err\\u00f3neamente utilizada puede desencadenar muchos efectos nocivos por el organismo.<br \\\/>Cuando estamos estresados, el cuerpo segrega una hormona, el cortisol, que interfiere en la qu\\u00edmica de nuestro organismo y puede derivar en numerosos s\\u00edntomas f\\u00edsicos poco agradables.<br \\\/>El estr\\u00e9s suele relacionarse con el exceso de trabajo pero el paro tambi\\u00e9n puede producir los mismos efectos. Cuando sentimos que no tenemos los suficientes recursos para afrontar seg\\u00fan qu\\u00e9 situaciones nos estresemos. Es necesario cambiar muchas creencias limitantes sobre nosotros mismos, del estilo \\u201cno soy capaz\\u201d para llegar a un estado de autoaceptaci\\u00f3n incondicional.<\\\/p>\",\"title\":\"Estr\\u00e9s\"}},{\"type\":\"switcher_item\",\"props\":{\"image\":\"wp-content\\\/uploads\\\/sorra-marta-betran.jpg\",\"content\":\"\n\n<p>El Trastorno por D\\u00e9ficit de Atenci\\u00f3n con o sin Hiperactividad, es un desorden diagnosticado a un n\\u00famero elevado de ni\\u00f1os actualmente. Est\\u00e1 relacionado con una disfunci\\u00f3n de las Funciones Ejecutivas, que son las habilidades que nos permiten a las personas administrar el tiempo, planificar, organizar, recordar cosas, realizar diversas tareas a la vez, dar prioridad a las actividades, prestar atenci\\u00f3n y empezar tareas. El l\\u00f3bulo frontal es la parte del cerebro responsable de su actividad.<br \\\/>Con un programa terap\\u00e9utico multidisciplinar el Trastorno puede desaparecer, pero qu\\u00e9 ocurre cuando se mantiene hasta llegar a la edad adulta, el d\\u00eda a d\\u00eda de la persona se puede hacer muy cuesta arriba, cosas tan simple como planear un viaje, planificar el d\\u00eda, controlar las compras impulsivas, ahorrar, saber por d\\u00f3nde empezar una idea o proyecto, relacionarse con los amigos y la pareja e incluso, mantener el puesto de trabajo puede convertirse en un gran esfuerzo sin \\u00e9xito. Es como si para un TDA adulto no exista el futuro, siempre es \\u201cAHORA\\u201d.<br \\\/>Entrenar estas funciones superiores ser\\u00e1 la base de la terapia en edad adulta.<\\\/p>\",\"title\":\"TDA\\\/TDAH en adultos\"}},{\"type\":\"switcher_item\",\"props\":{\"image\":\"wp-content\\\/uploads\\\/parella-marta-betran.jpg\",\"content\":\"\n\n<p>Las parejas pueden pasar crisis, en ocasiones puede ser el anuncio del fin de la relaci\\u00f3n, pero en muchos casos una buena terapia a tiempo puede ayudar a darse otra oportunidad con \\u00e9xito. \\u201cMejor solo que mal acompa\\u00f1ado\\u201d es uno de mis lemas, y el de mucha gente, el ser humano no est\\u00e1 obligado a compartir la \\u00fanica vida que tiene con personas que le complican mucho o que incluso le maltratan. Por el contrario, podemos estar con la persona id\\u00f3nea y a\\u00fan as\\u00ed puede que las cosas no funcionen, en estos casos el problema podr\\u00eda la falta de comunicaci\\u00f3n.<br \\\/>Parece m\\u00e1s f\\u00e1cil abandonar la relaci\\u00f3n que iniciar una terapia pero, si no aprendemos a comunicarnos bien, volver\\u00e1 a pasarnos con la siguiente relaci\\u00f3n, y lo que parece m\\u00e1s atractivo porque es nuevo se convertir\\u00e1 en otra decepci\\u00f3n.<br \\\/>El sexo es una parte importante de esa comunicaci\\u00f3n. Disfrutar de buenas relaciones sexuales es fundamental para establecer v\\u00ednculos m\\u00e1s fuertes y atractivos en la pareja. Con el paso del tiempo es normal que disminuya la frecuencia pero no la calidad, y evidentemente no es aconsejable que desaparezca, si es as\\u00ed, la pareja corre el riesgo de convertirse en dos personas que se aman pero que b\\u00e1sicamente comparten piso e hipoteca.Sembla m\\u00e9s f\\u00e0cil abandonar la relaci\\u00f3 que iniciar una ter\\u00e0pia per\\u00f2, si no aprenem a comunicar-nos b\\u00e9, ens tornar\\u00e0 a passar amb la seg\\u00fcent relaci\\u00f3, i el que sembla m\\u00e9s atractiu perqu\\u00e8 \\u00e9s nou es convertir\\u00e0 en una altra decepci\\u00f3.<br \\\/>El sexe \\u00e9s una part important d\\u2019aquesta comunicaci\\u00f3. Gaudir de\\u00a0bones relacions sexuals es fonamental per\\u00a0establir lligams m\\u00e9s forts i atractius dins\\u00a0 la parella. Amb\\u00a0el pas del temps \\u00e9s normal que\\u00a0disminueixi la freq\\u00fc\\u00e8ncia per\\u00f2 no la qualitat, i evidentment\\u00a0no \\u00e9s aconsellable que desaparegui,\\u00a0si \\u00e9s aix\\u00ed,\\u00a0la parella corre el risc de convertir-se en dues persones que s\\u2019estimen per\\u00f2 que b\\u00e0sicament, comparteixen pis i hipoteca.<\\\/p>\",\"title\":\"Terapia de Pareja\"}}]}]}]}]}],\"version\":\"2.7.14\"} --><\/p>\n","protected":false},"excerpt":{"rendered":"<p>Salud Mental Salud Mental, es un estado de equilibrio, de bienestar psicol\u00f3gico y emocional que permite a las personas utilizar sus habilidades mentales, sociales y sentimentales para desarrollarse con \u00e9xito en las interacciones cotidianas. No es frecuente conseguir este equilibrio, pero esto no significa que no podamos gozar de una vida satisfactoria y llena de [&hellip;]<\/p>\n","protected":false},"author":1,"featured_media":0,"parent":0,"menu_order":2,"comment_status":"closed","ping_status":"closed","template":"","meta":[],"_links":{"self":[{"href":"https:\/\/martabertran.com\/es\/wp-json\/wp\/v2\/pages\/532"}],"collection":[{"href":"https:\/\/martabertran.com\/es\/wp-json\/wp\/v2\/pages"}],"about":[{"href":"https:\/\/martabertran.com\/es\/wp-json\/wp\/v2\/types\/page"}],"author":[{"embeddable":true,"href":"https:\/\/martabertran.com\/es\/wp-json\/wp\/v2\/users\/1"}],"replies":[{"embeddable":true,"href":"https:\/\/martabertran.com\/es\/wp-json\/wp\/v2\/comments?post=532"}],"version-history":[{"count":2,"href":"https:\/\/martabertran.com\/es\/wp-json\/wp\/v2\/pages\/532\/revisions"}],"predecessor-version":[{"id":562,"href":"https:\/\/martabertran.com\/es\/wp-json\/wp\/v2\/pages\/532\/revisions\/562"}],"wp:attachment":[{"href":"https:\/\/martabertran.com\/es\/wp-json\/wp\/v2\/media?parent=532"}],"curies":[{"name":"wp","href":"https:\/\/api.w.org\/{rel}","templated":true}]}}