{"id":533,"date":"2022-01-10T13:13:45","date_gmt":"2022-01-10T12:13:45","guid":{"rendered":"https:\/\/martabertran.com\/coaching-en-mindfulness\/"},"modified":"2022-01-11T11:20:28","modified_gmt":"2022-01-11T10:20:28","slug":"coaching-en-mindfulness","status":"publish","type":"page","link":"https:\/\/martabertran.com\/es\/coaching-en-mindfulness\/","title":{"rendered":"Coaching en Mindfulness"},"content":{"rendered":"<div>\n<p>        <img decoding=\"async\" src=\"\/wp-content\/uploads\/montana-mindfulness-marta-bertran.jpg\" alt=\"\"><\/p>\n<h3>\u00bfQu\u00e9 es el Mindfulness?<\/h3>\n<div>\n<p><strong>Mindfulness<\/strong> es una filosof\u00eda de vida que incluye opcionalmente la meditaci\u00f3n basada en los principios de la ciencia, es decir, desvinculada de creencias religiosas.<br \/>El Mindfulness te ayuda a orientar tu foco atencional, y por tanto a estar en el AQU\u00cd y en el ARA, evitando la depresi\u00f3n que comporta pensar siempre en el pasado, o la ansiedad que se deriva de estar en el futuro.<br \/>Hemos traducido Mindfulness como \u201catenci\u00f3n Plena\u201d y es correcto si pensamos que partimos de aqu\u00ed, de volver a los sentidos, \u201cobservar\u201d lo que sentimos ralentiza la zona cerebral asociada a la distracci\u00f3n mental y ya no nos preocupamos tanto por lo que va a pasar despu\u00e9s.<br \/>Quiz\u00e1s ya te has dado cuenta, Nuestra mente siempre est\u00e1 en movimiento, a este hecho los orientales lo llaman \u201cla mente de mono\u201d porque al igual que los simios, nuestros pensamientos van saltando de rama en rama, de deseo en deseo, de preocupaci\u00f3n en preocupaci\u00f3n\u2026 y cuando no estamos saltando, ponemos el \u201cpiloto autom\u00e1tico\u201d y ni nos damos cuenta conscientemente de cosas importantes que ocurren alrededor.<br \/>Pero la actividad de nuestra mente no es la totalidad de lo que somos. Cuando surge esta metacognici\u00f3n o capacidad de auto-observar los propios contenidos de la mente, se disuelve el piloto autom\u00e1tico finalmente.<\/p>\n<\/div>\n<\/div>\n<div>\n<h3>\u00bfQu\u00e9 busca?<\/h3>\n<div>\n<p><span>El Mindfulness busca calmar la mente primordialmente, pero esto es s\u00f3lo la punta del iceberg.\u00a0Cuando aprendemos a calmarla, ante nosotros se abre un nuevo mundo por explorar, o mejor dicho por explorarnos y una oportunidad para conocernos de verdad.<\/span><br \/><span>As\u00ed que atendiendo a nuestros sentidos calmaron la mente y despu\u00e9s en las siguientes fases, aprenderemos a ver la vida de otra manera.\u00a0Esto no quiere decir que nos convertimos en una especie de monjes aburridos proyectando el amor incondicional por todas partes\u2026 podr\u00edamos, s\u00ed.. pero no es necesario, ni siquiera hace falta que meditemos, pero s\u00ed familiarizarnos en el acto de mirar hacia adentro, cerrar los ojos y mirarnos de verdad por primera vez de forma honesta, en silencio, sin ning\u00fan est\u00edmulo externo y empezar a saber qui\u00e9nes somos, qu\u00e9 queremos y cu\u00e1l es nuestra misi\u00f3n, si es que la tenemos.<\/span><br \/><span>Hay muchas cosas que no podemos cambiar, como el dolor o la p\u00e9rdida, pero s\u00ed podemos darnos cuenta de c\u00f3mo reaccionamos o respondemos a todo lo que nos pasa y desarrollar as\u00ed estrategias para cambiar la relaci\u00f3n que tenemos con nuestras circunstancias.<\/span><br \/><span>Resumiendo, lo que es realmente liberador de esta filosof\u00eda, es que se consigue un profundo estado de conciencia durante buena parte de nuestra vida cotidiana.\u00a0Saber c\u00f3mo nos sentimos interiormente, identificar nuestros estados sin ser dirigidos por ellos, es totalmente indispensable para ser feliz, por ejemplo, en un momento dado puedes sentir rabia como reacci\u00f3n a alg\u00fan hecho, esa sensaci\u00f3n en cuesti\u00f3n de seg\u00fan puedes traducirla en un comportamiento sin control que puede causarte dolor a ti ya los seres queridos que te rodean, o bien, puedes decidir, desde la plena conciencia, escoger un comportamiento m\u00e1s sano y constructivo.<\/span><\/p>\n<\/div>\n<\/div>\n<div>\n<p>        <img decoding=\"async\" src=\"\/wp-content\/uploads\/libro-marta-bertran-mindfulness.jpg\" alt=\"\"><\/p>\n<h3>\u00bfQu\u00e9 te propongo?<\/h3>\n<div>\n<div class=\"el-content uk-panel uk-margin-top\">\n<p><span>Con el\u00a0\u00a0<\/span><strong><span>COACHING<\/span><\/strong><span>\u00a0\u00a0te propongo descubrir lo que no eres, ese personaje que te has creado y esa historia que te has contado u otros te han contado sobre ti.\u00a0Descubrimos tu propia narrativa y la ponemos en funcionamiento.<\/span><br \/><span>Al principio es dif\u00edcil, algunas emociones son tan determinantes que no tenemos ni tiempo para procesarlas cognitivamente antes de actuar, es como si fueran ellas o las personas que aparentemente te las provocan, las que mandan, pero con entrenamiento\/COACHING es posible cambiar estos algoritmos o automatismos, gracias a la pr\u00e1ctica del Mindfulness te conviertes en la \u00fanica persona que dirige tu vida, y adem\u00e1s con \u00e9xito.<\/span><br \/><span>Aprender\u00e1s a vencer las creencias limitantes, a modular las emociones que te hacen hacer cosas que no te gustan, mejorar tu seguridad, potenciar tu autoaceptaci\u00f3n y ser m\u00e1s positivo frente a las adversidades.<\/span><\/p>\n<p><a href=\"https:\/\/martabertran.com\/es\/contacto\/\"><strong><span>\u00bfTE ATREVES?<\/span><\/strong><\/a><\/p>\n<\/div>\n<\/div>\n<\/div>\n<p><!--more--><br \/>\n<!-- {\"type\":\"layout\",\"children\":[{\"type\":\"section\",\"props\":{\"style\":\"default\",\"width\":\"default\",\"vertical_align\":\"middle\",\"title_position\":\"top-left\",\"title_rotation\":\"left\",\"title_breakpoint\":\"xl\",\"image_position\":\"center-center\"},\"children\":[{\"type\":\"row\",\"props\":{\"layout\":\"1-3,1-3,1-3\",\"match\":true},\"children\":[{\"type\":\"column\",\"props\":{\"image_position\":\"center-center\",\"media_overlay_gradient\":\"\",\"width_medium\":\"1-3\",\"position_sticky_breakpoint\":\"m\"},\"children\":[{\"type\":\"panel\",\"props\":{\"link_text\":\"Read more\",\"title_hover_style\":\"reset\",\"title_element\":\"h3\",\"title_align\":\"top\",\"title_grid_width\":\"1-2\",\"title_grid_breakpoint\":\"m\",\"meta_style\":\"meta\",\"meta_align\":\"below-title\",\"image_align\":\"bottom\",\"image_grid_width\":\"1-2\",\"image_grid_breakpoint\":\"m\",\"image_svg_color\":\"emphasis\",\"link_style\":\"default\",\"margin\":\"default\",\"panel_style\":\"card-primary\",\"title\":\"\\u00bfQu\\u00e9 es el Mindfulness?\",\"content\":\"\n\n<p><strong>Mindfulness<\\\/strong> es una filosof\\u00eda de vida que incluye opcionalmente la meditaci\\u00f3n basada en los principios de la ciencia, es decir, desvinculada de creencias religiosas.<br \\\/>El Mindfulness te ayuda a orientar tu foco atencional, y por tanto a estar en el AQU\\u00cd y en el ARA, evitando la depresi\\u00f3n que comporta pensar siempre en el pasado, o la ansiedad que se deriva de estar en el futuro.<br \\\/>Hemos traducido Mindfulness como \\u201catenci\\u00f3n Plena\\u201d y es correcto si pensamos que partimos de aqu\\u00ed, de volver a los sentidos, \\u201cobservar\\u201d lo que sentimos ralentiza la zona cerebral asociada a la distracci\\u00f3n mental y ya no nos preocupamos tanto por lo que va a pasar despu\\u00e9s.<br \\\/>Quiz\\u00e1s ya te has dado cuenta, Nuestra mente siempre est\\u00e1 en movimiento, a este hecho los orientales lo llaman \\u201cla mente de mono\\u201d porque al igual que los simios, nuestros pensamientos van saltando de rama en rama, de deseo en deseo, de preocupaci\\u00f3n en preocupaci\\u00f3n\\u2026 y cuando no estamos saltando, ponemos el \\u201cpiloto autom\\u00e1tico\\u201d y ni nos damos cuenta conscientemente de cosas importantes que ocurren alrededor.<br \\\/>Pero la actividad de nuestra mente no es la totalidad de lo que somos. Cuando surge esta metacognici\\u00f3n o capacidad de auto-observar los propios contenidos de la mente, se disuelve el piloto autom\\u00e1tico finalmente.<\\\/p>\",\"image\":\"wp-content\\\/uploads\\\/montana-mindfulness-marta-bertran.jpg\",\"css\":\".el-element{background-color: #196890;}\\n.el-content {color: white;}\",\"icon_width\":80,\"panel_padding\":\"default\",\"meta_element\":\"div\",\"content_column_breakpoint\":\"m\"}}]},{\"type\":\"column\",\"props\":{\"image_position\":\"center-center\",\"media_overlay_gradient\":\"\",\"width_medium\":\"1-3\",\"position_sticky_breakpoint\":\"m\"},\"children\":[{\"type\":\"panel\",\"props\":{\"link_text\":\"Read more\",\"title_hover_style\":\"reset\",\"title_element\":\"h3\",\"title_align\":\"top\",\"title_grid_width\":\"1-2\",\"title_grid_breakpoint\":\"m\",\"meta_style\":\"meta\",\"meta_align\":\"below-title\",\"image_align\":\"bottom\",\"image_grid_width\":\"1-2\",\"image_grid_breakpoint\":\"m\",\"image_svg_color\":\"emphasis\",\"link_style\":\"default\",\"margin\":\"default\",\"panel_style\":\"card-primary\",\"title\":\"\\u00bfQu\\u00e9 busca?\",\"content\":\"\n\n<p><span>El Mindfulness busca calmar la mente primordialmente, pero esto es s\\u00f3lo la punta del iceberg.\\u00a0Cuando aprendemos a calmarla, ante nosotros se abre un nuevo mundo por explorar, o mejor dicho por explorarnos y una oportunidad para conocernos de verdad.<\\\/span><br \\\/><span>As\\u00ed que atendiendo a nuestros sentidos calmaron la mente y despu\\u00e9s en las siguientes fases, aprenderemos a ver la vida de otra manera.\\u00a0Esto no quiere decir que nos convertimos en una especie de monjes aburridos proyectando el amor incondicional por todas partes\\u2026 podr\\u00edamos, s\\u00ed.. pero no es necesario, ni siquiera hace falta que meditemos, pero s\\u00ed familiarizarnos en el acto de mirar hacia adentro, cerrar los ojos y mirarnos de verdad por primera vez de forma honesta, en silencio, sin ning\\u00fan est\\u00edmulo externo y empezar a saber qui\\u00e9nes somos, qu\\u00e9 queremos y cu\\u00e1l es nuestra misi\\u00f3n, si es que la tenemos.<\\\/span><br \\\/><span>Hay muchas cosas que no podemos cambiar, como el dolor o la p\\u00e9rdida, pero s\\u00ed podemos darnos cuenta de c\\u00f3mo reaccionamos o respondemos a todo lo que nos pasa y desarrollar as\\u00ed estrategias para cambiar la relaci\\u00f3n que tenemos con nuestras circunstancias.<\\\/span><br \\\/><span>Resumiendo, lo que es realmente liberador de esta filosof\\u00eda, es que se consigue un profundo estado de conciencia durante buena parte de nuestra vida cotidiana.\\u00a0Saber c\\u00f3mo nos sentimos interiormente, identificar nuestros estados sin ser dirigidos por ellos, es totalmente indispensable para ser feliz, por ejemplo, en un momento dado puedes sentir rabia como reacci\\u00f3n a alg\\u00fan hecho, esa sensaci\\u00f3n en cuesti\\u00f3n de seg\\u00fan puedes traducirla en un comportamiento sin control que puede causarte dolor a ti ya los seres queridos que te rodean, o bien, puedes decidir, desde la plena conciencia, escoger un comportamiento m\\u00e1s sano y constructivo.<\\\/span><\\\/p>\",\"image\":\"\",\"css\":\".el-element{background-color: #339697;}\\n.el-content {color: white;}\",\"icon_width\":80,\"panel_padding\":\"default\",\"meta_element\":\"div\",\"content_column_breakpoint\":\"m\"}}]},{\"type\":\"column\",\"props\":{\"image_position\":\"center-center\",\"media_overlay_gradient\":\"\",\"width_medium\":\"1-3\",\"position_sticky_breakpoint\":\"m\"},\"children\":[{\"type\":\"panel\",\"props\":{\"link_text\":\"Read more\",\"title_hover_style\":\"reset\",\"title_element\":\"h3\",\"title_align\":\"top\",\"title_grid_width\":\"1-2\",\"title_grid_breakpoint\":\"m\",\"meta_style\":\"meta\",\"meta_align\":\"below-title\",\"image_align\":\"bottom\",\"image_grid_width\":\"1-2\",\"image_grid_breakpoint\":\"m\",\"image_svg_color\":\"emphasis\",\"link_style\":\"default\",\"margin\":\"default\",\"panel_style\":\"card-primary\",\"title\":\"\\u00bfQu\\u00e9 te propongo?\",\"content\":\"\n\n<div class=\\\"el-content uk-panel uk-margin-top\\\">\\n\n\n<p><span>Con el\\u00a0\\u00a0<\\\/span><strong><span>COACHING<\\\/span><\\\/strong><span>\\u00a0\\u00a0te propongo descubrir lo que no eres, ese personaje que te has creado y esa historia que te has contado u otros te han contado sobre ti.\\u00a0Descubrimos tu propia narrativa y la ponemos en funcionamiento.<\\\/span><br \\\/><span>Al principio es dif\\u00edcil, algunas emociones son tan determinantes que no tenemos ni tiempo para procesarlas cognitivamente antes de actuar, es como si fueran ellas o las personas que aparentemente te las provocan, las que mandan, pero con entrenamiento\\\/COACHING es posible cambiar estos algoritmos o automatismos, gracias a la pr\\u00e1ctica del Mindfulness te conviertes en la \\u00fanica persona que dirige tu vida, y adem\\u00e1s con \\u00e9xito.<\\\/span><br \\\/><span>Aprender\\u00e1s a vencer las creencias limitantes, a modular las emociones que te hacen hacer cosas que no te gustan, mejorar tu seguridad, potenciar tu autoaceptaci\\u00f3n y ser m\\u00e1s positivo frente a las adversidades.<\\\/span><\\\/p>\\n\n\n<p><a href=\\\"https:\\\/\\\/martabertran.com\\\/es\\\/contacto\\\/\\\"><strong><span>\\u00bfTE ATREVES?<\\\/span><\\\/strong><\\\/a><\\\/p>\\n<\\\/div>\",\"image\":\"wp-content\\\/uploads\\\/libro-marta-bertran-mindfulness.jpg\",\"css\":\".el-element{background-color: #7DC9AE;}\\n.el-content {color: white;}\",\"icon_width\":80,\"panel_padding\":\"default\",\"meta_element\":\"div\",\"content_column_breakpoint\":\"m\"}}]}]}]}],\"version\":\"2.7.14\"} --><\/p>\n","protected":false},"excerpt":{"rendered":"<p>\u00bfQu\u00e9 es el Mindfulness? Mindfulness es una filosof\u00eda de vida que incluye opcionalmente la meditaci\u00f3n basada en los principios de la ciencia, es decir, desvinculada de creencias religiosas.El Mindfulness te ayuda a orientar tu foco atencional, y por tanto a estar en el AQU\u00cd y en el ARA, evitando la depresi\u00f3n que comporta pensar siempre [&hellip;]<\/p>\n","protected":false},"author":1,"featured_media":0,"parent":0,"menu_order":3,"comment_status":"closed","ping_status":"closed","template":"","meta":[],"_links":{"self":[{"href":"https:\/\/martabertran.com\/es\/wp-json\/wp\/v2\/pages\/533"}],"collection":[{"href":"https:\/\/martabertran.com\/es\/wp-json\/wp\/v2\/pages"}],"about":[{"href":"https:\/\/martabertran.com\/es\/wp-json\/wp\/v2\/types\/page"}],"author":[{"embeddable":true,"href":"https:\/\/martabertran.com\/es\/wp-json\/wp\/v2\/users\/1"}],"replies":[{"embeddable":true,"href":"https:\/\/martabertran.com\/es\/wp-json\/wp\/v2\/comments?post=533"}],"version-history":[{"count":1,"href":"https:\/\/martabertran.com\/es\/wp-json\/wp\/v2\/pages\/533\/revisions"}],"predecessor-version":[{"id":563,"href":"https:\/\/martabertran.com\/es\/wp-json\/wp\/v2\/pages\/533\/revisions\/563"}],"wp:attachment":[{"href":"https:\/\/martabertran.com\/es\/wp-json\/wp\/v2\/media?parent=533"}],"curies":[{"name":"wp","href":"https:\/\/api.w.org\/{rel}","templated":true}]}}