{"id":535,"date":"2022-01-10T13:14:29","date_gmt":"2022-01-10T12:14:29","guid":{"rendered":"https:\/\/martabertran.com\/tallers-i-xerrades\/"},"modified":"2022-01-11T11:27:47","modified_gmt":"2022-01-11T10:27:47","slug":"talleres-y-charlas","status":"publish","type":"page","link":"https:\/\/martabertran.com\/es\/talleres-y-charlas\/","title":{"rendered":"Talleres y Charlas"},"content":{"rendered":"<blockquote>\n<h2 class=\"dfd-title \" style=\"text-align: center;\"><span>\u00abDi y lo olvido, ens\u00e9\u00f1ame y lo recuerdo, invol\u00facrame y lo aprendo\u00bb<\/span><\/h2>\n<p style=\"text-align: center;\"><span>Benjamin Franklin<\/span><\/p>\n<\/blockquote>\n<div>\n<p style=\"text-align: center;\">Los talleres son actividades donde adem\u00e1s de explicaciones te\u00f3ricas, tambi\u00e9n se realizan ejercicios pr\u00e1cticos en los que el participante es parte activa, interact\u00faa con el resto y con el terapeuta. Esta parte vivencial permite interiorizar con mayor facilidad los nuevos aprendizajes y promueve el cambio de una forma m\u00e1s r\u00e1pida y sostenida.<\/p>\n<\/div>\n<ul>\n<li>\n<p>        <img decoding=\"async\" src=\"\/wp-content\/uploads\/pic1.png\" alt=\"\"><\/p>\n<h3>Equilibra tu cuerpo, equilibra tu mente<\/h3>\n<\/li>\n<li>\n<p>        <img decoding=\"async\" src=\"\/wp-content\/uploads\/pic3.png\" alt=\"\"><\/p>\n<h3>Mindfulness en la vida quotidiana<\/h3>\n<\/li>\n<\/ul>\n<ul>\n<li>\n<p>        <img decoding=\"async\" src=\"\/wp-content\/uploads\/pic2.png\" alt=\"\"><\/p>\n<h3>Autoestima y Alimentaci\u00f3n<\/h3>\n<\/li>\n<li>\n<p>        <img decoding=\"async\" src=\"\/wp-content\/uploads\/pic4.png\" alt=\"\"><\/p>\n<h3>Mindfulness para la tercera edad<\/h3>\n<\/li>\n<\/ul>\n<p><!--more--><br \/>\n<!-- {\"type\":\"layout\",\"children\":[{\"type\":\"section\",\"props\":{\"style\":\"default\",\"width\":\"default\",\"vertical_align\":\"middle\",\"title_position\":\"top-left\",\"title_rotation\":\"left\",\"title_breakpoint\":\"xl\",\"image_position\":\"center-center\",\"height\":\"section\"},\"children\":[{\"type\":\"row\",\"children\":[{\"type\":\"column\",\"props\":{\"image_position\":\"center-center\",\"media_overlay_gradient\":\"\",\"width_medium\":\"1-1\",\"position_sticky_breakpoint\":\"m\"},\"children\":[{\"type\":\"quotation\",\"props\":{\"content\":\"\n\n<h2 class=\\\"dfd-title \\\" style=\\\"text-align: center;\\\"><span>\\u00abDi y lo olvido, ens\\u00e9\\u00f1ame y lo recuerdo, invol\\u00facrame y lo aprendo\\u00bb<\\\/span><\\\/h2>\\n\n\n<p style=\\\"text-align: center;\\\"><span>Benjamin Franklin<\\\/span><\\\/p>\",\"author\":\"\"}}]}]}]},{\"type\":\"section\",\"props\":{\"style\":\"default\",\"width\":\"default\",\"vertical_align\":\"middle\",\"title_position\":\"top-left\",\"title_rotation\":\"left\",\"title_breakpoint\":\"xl\",\"image_position\":\"center-center\"},\"children\":[{\"type\":\"row\",\"children\":[{\"type\":\"column\",\"props\":{\"image_position\":\"center-center\",\"media_overlay_gradient\":\"\",\"width_medium\":\"1-1\",\"position_sticky_breakpoint\":\"m\"},\"children\":[{\"type\":\"text\",\"props\":{\"margin\":\"\",\"column_breakpoint\":\"m\",\"content\":\"\n\n<p style=\\\"text-align: center;\\\">Los talleres son actividades donde adem\\u00e1s de explicaciones te\\u00f3ricas, tambi\\u00e9n se realizan ejercicios pr\\u00e1cticos en los que el participante es parte activa, interact\\u00faa con el resto y con el terapeuta. Esta parte vivencial permite interiorizar con mayor facilidad los nuevos aprendizajes y promueve el cambio de una forma m\\u00e1s r\\u00e1pida y sostenida.<\\\/p>\"}}]}]},{\"type\":\"row\",\"props\":{\"layout\":\"1-2,1-2\"},\"children\":[{\"type\":\"column\",\"props\":{\"image_position\":\"center-center\",\"media_overlay_gradient\":\"\",\"width_medium\":\"1-2\",\"position_sticky_breakpoint\":\"m\"},\"children\":[{\"type\":\"grid\",\"props\":{\"show_title\":true,\"show_meta\":true,\"show_content\":true,\"show_image\":true,\"show_link\":true,\"grid_default\":\"1\",\"grid_medium\":\"\",\"filter_style\":\"tab\",\"filter_all\":true,\"filter_position\":\"top\",\"filter_align\":\"left\",\"filter_grid_width\":\"auto\",\"filter_grid_breakpoint\":\"m\",\"title_hover_style\":\"reset\",\"title_element\":\"h3\",\"title_align\":\"top\",\"title_grid_width\":\"1-2\",\"title_grid_breakpoint\":\"m\",\"meta_style\":\"meta\",\"meta_align\":\"below-title\",\"image_align\":\"right\",\"image_grid_width\":\"auto\",\"image_grid_breakpoint\":\"m\",\"image_svg_color\":\"emphasis\",\"link_text\":\"Read more\",\"link_style\":\"default\",\"margin\":\"default\",\"item_animation\":true,\"icon_width\":80,\"panel_padding\":\"\",\"panel_card_size\":\"\",\"meta_element\":\"div\",\"content_column_breakpoint\":\"m\"},\"children\":[{\"type\":\"grid_item\",\"props\":{\"title\":\"Equilibra tu cuerpo, equilibra tu mente\",\"image\":\"wp-content\\\/uploads\\\/pic1.png\"}},{\"type\":\"grid_item\",\"props\":{\"title\":\"Mindfulness en la vida quotidiana\",\"image\":\"wp-content\\\/uploads\\\/pic3.png\"}}]}]},{\"type\":\"column\",\"props\":{\"image_position\":\"center-center\",\"media_overlay_gradient\":\"\",\"width_medium\":\"1-2\",\"position_sticky_breakpoint\":\"m\"},\"children\":[{\"type\":\"grid\",\"props\":{\"show_title\":true,\"show_meta\":true,\"show_content\":true,\"show_image\":true,\"show_link\":true,\"grid_default\":\"1\",\"grid_medium\":\"\",\"filter_style\":\"tab\",\"filter_all\":true,\"filter_position\":\"top\",\"filter_align\":\"left\",\"filter_grid_width\":\"auto\",\"filter_grid_breakpoint\":\"m\",\"title_hover_style\":\"reset\",\"title_element\":\"h3\",\"title_align\":\"top\",\"title_grid_width\":\"1-2\",\"title_grid_breakpoint\":\"m\",\"meta_style\":\"meta\",\"meta_align\":\"below-title\",\"image_align\":\"left\",\"image_grid_width\":\"auto\",\"image_grid_breakpoint\":\"m\",\"image_svg_color\":\"emphasis\",\"link_text\":\"Read more\",\"link_style\":\"default\",\"margin\":\"default\",\"item_animation\":true,\"icon_width\":80,\"panel_padding\":\"\",\"panel_card_size\":\"\",\"meta_element\":\"div\",\"content_column_breakpoint\":\"m\"},\"children\":[{\"type\":\"grid_item\",\"props\":{\"title\":\"Autoestima y Alimentaci\\u00f3n\",\"image\":\"wp-content\\\/uploads\\\/pic2.png\"}},{\"type\":\"grid_item\",\"props\":{\"title\":\"Mindfulness para la tercera edad\",\"image\":\"wp-content\\\/uploads\\\/pic4.png\"}}]}]}]}]}],\"version\":\"2.7.14\"} --><\/p>\n","protected":false},"excerpt":{"rendered":"<p>\u00abDi y lo olvido, ens\u00e9\u00f1ame y lo recuerdo, invol\u00facrame y lo aprendo\u00bb Benjamin Franklin Los talleres son actividades donde adem\u00e1s de explicaciones te\u00f3ricas, tambi\u00e9n se realizan ejercicios pr\u00e1cticos en los que el participante es parte activa, interact\u00faa con el resto y con el terapeuta. Esta parte vivencial permite interiorizar con mayor facilidad los nuevos aprendizajes [&hellip;]<\/p>\n","protected":false},"author":1,"featured_media":0,"parent":0,"menu_order":5,"comment_status":"closed","ping_status":"closed","template":"","meta":[],"_links":{"self":[{"href":"https:\/\/martabertran.com\/es\/wp-json\/wp\/v2\/pages\/535"}],"collection":[{"href":"https:\/\/martabertran.com\/es\/wp-json\/wp\/v2\/pages"}],"about":[{"href":"https:\/\/martabertran.com\/es\/wp-json\/wp\/v2\/types\/page"}],"author":[{"embeddable":true,"href":"https:\/\/martabertran.com\/es\/wp-json\/wp\/v2\/users\/1"}],"replies":[{"embeddable":true,"href":"https:\/\/martabertran.com\/es\/wp-json\/wp\/v2\/comments?post=535"}],"version-history":[{"count":3,"href":"https:\/\/martabertran.com\/es\/wp-json\/wp\/v2\/pages\/535\/revisions"}],"predecessor-version":[{"id":567,"href":"https:\/\/martabertran.com\/es\/wp-json\/wp\/v2\/pages\/535\/revisions\/567"}],"wp:attachment":[{"href":"https:\/\/martabertran.com\/es\/wp-json\/wp\/v2\/media?parent=535"}],"curies":[{"name":"wp","href":"https:\/\/api.w.org\/{rel}","templated":true}]}}