{"id":537,"date":"2022-01-10T13:14:53","date_gmt":"2022-01-10T12:14:53","guid":{"rendered":"https:\/\/martabertran.com\/sobre-mi\/"},"modified":"2022-10-18T14:47:13","modified_gmt":"2022-10-18T12:47:13","slug":"sobre-mi","status":"publish","type":"page","link":"https:\/\/martabertran.com\/es\/sobre-mi\/","title":{"rendered":"Sobre m\u00ed"},"content":{"rendered":"<p><img decoding=\"async\" src=\"\/wp-content\/uploads\/foto-perfil-e1622531264211.jpg\" alt=\"\" \/><\/p>\n<h1>Sobre m\u00ed<\/h1>\n<div>\n<p><em><strong>Me defino b\u00e1sicamente<\/strong><\/em> como una psic\u00f3loga humanista y cognitiva, pero mi curiosidad me ha llevado a formarme en otros paradigmas que me han ayudado a afrontar el conflicto desde una visi\u00f3n integral. Creo que la cura no se produce s\u00f3lo con una <em><strong>intervenci\u00f3n psicol\u00f3gica<\/strong><\/em>, tambi\u00e9n es necesario revisar nuestros h\u00e1bitos, como lo que comemos, somos organismos con una bioqu\u00edmica que nos condiciona, y en ocasiones, aunque parezca imposible, modificando nuestra <em><strong>alimentaci\u00f3n<\/strong><\/em> podemos paliar el dolor emocional que sufrimos o simplemente sentirnos con m\u00e1s energ\u00eda para afrontar cualquier conflicto que se nos ponga delante.<br \/>\n<a href=\"https:\/\/martabertran.com\/es\/mindfulness\/\"><em><strong>El Mindfulness <\/strong><\/em><\/a>\u00a0es la herramienta que utilizo en esta intervenci\u00f3n integral, de forma transversal, para llegar a la esencia de cada uno y fomentar el cambio.<br \/>\nNada como esta filosof\u00eda para aprender las normas m\u00e1s b\u00e1sicas de vida, sin las cuales es dif\u00edcil llegar a vivir con calma. <em><strong>Entren\u00e1ndote<\/strong><\/em> en Mindfulness se aprende a vivir en equilibrio, a ser coherente y honesto con uno mismo, pilares b\u00e1sicos para gustarnos y consecuentemente, sentirnos m\u00e1s felices.<\/p>\n<\/div>\n<h1>Formaci\u00f3n<\/h1>\n<div>\n<ul>\n<li>Licenciada en Psicolog\u00eda (UNED), Colegiada por el COPC, n\u00fam.\u00a018741<\/li>\n<li>M\u00e1ster en Pr\u00e1ctica Cl\u00ednica (AEPCCC)<\/li>\n<li>M\u00e1ster en Nutrici\u00f3n y Alimentaci\u00f3n (UB \u2013 Universidad de Barcelona)<\/li>\n<li>Formaci\u00f3n en Terapia sist\u00e9mica y Terapia Breve (MRI \u2013 Mental Research Institute \u2013 Palo Alto, California)<\/li>\n<li>Formaci\u00f3n en Terapia Transpersonal (Escuela Gestalt de Catalunya, Barcelona)<\/li>\n<li>Formaci\u00f3n en Coaching Nutricional (Nutritional Coaching, Barcelona)<\/li>\n<li>Formaci\u00f3n en t\u00e9cnicas de Meditaci\u00f3n y Mindfulness (Sociedad espa\u00f1ola de meditaci\u00f3n, Ashram de La Peral, Asturias)<\/li>\n<li>M\u00e1ster en Psiconeuroinmunoendocrinolog\u00eda (PNIE, medicina integrativa)<\/li>\n<\/ul>\n<\/div>\n<p><!--more--><\/p>\n","protected":false},"excerpt":{"rendered":"<p>Sobre m\u00ed Me defino b\u00e1sicamente como una psic\u00f3loga humanista y cognitiva, pero mi curiosidad me ha llevado a formarme en otros paradigmas que me han ayudado a afrontar el conflicto desde una visi\u00f3n integral. Creo que la cura no se produce s\u00f3lo con una intervenci\u00f3n psicol\u00f3gica, tambi\u00e9n es necesario revisar nuestros h\u00e1bitos, como lo que [&hellip;]<\/p>\n","protected":false},"author":1,"featured_media":526,"parent":0,"menu_order":7,"comment_status":"closed","ping_status":"closed","template":"","meta":[],"_links":{"self":[{"href":"https:\/\/martabertran.com\/es\/wp-json\/wp\/v2\/pages\/537"}],"collection":[{"href":"https:\/\/martabertran.com\/es\/wp-json\/wp\/v2\/pages"}],"about":[{"href":"https:\/\/martabertran.com\/es\/wp-json\/wp\/v2\/types\/page"}],"author":[{"embeddable":true,"href":"https:\/\/martabertran.com\/es\/wp-json\/wp\/v2\/users\/1"}],"replies":[{"embeddable":true,"href":"https:\/\/martabertran.com\/es\/wp-json\/wp\/v2\/comments?post=537"}],"version-history":[{"count":5,"href":"https:\/\/martabertran.com\/es\/wp-json\/wp\/v2\/pages\/537\/revisions"}],"predecessor-version":[{"id":677,"href":"https:\/\/martabertran.com\/es\/wp-json\/wp\/v2\/pages\/537\/revisions\/677"}],"wp:featuredmedia":[{"embeddable":true,"href":"https:\/\/martabertran.com\/es\/wp-json\/wp\/v2\/media\/526"}],"wp:attachment":[{"href":"https:\/\/martabertran.com\/es\/wp-json\/wp\/v2\/media?parent=537"}],"curies":[{"name":"wp","href":"https:\/\/api.w.org\/{rel}","templated":true}]}}